{"id":139,"date":"2026-04-17T01:50:25","date_gmt":"2026-04-16T20:50:25","guid":{"rendered":"https:\/\/www.escritoriovirtual.net.pe\/?page_id=139"},"modified":"2026-04-17T03:30:16","modified_gmt":"2026-04-16T22:30:16","slug":"servicios-en-peru","status":"publish","type":"page","link":"https:\/\/www.escritoriovirtual.net.pe\/?page_id=139","title":{"rendered":"SERVICIOS EN PERU"},"content":{"rendered":"\n\n\n\n<h2>SERVICIOS EN LINEA DE PERU<\/h2>\nSomos un canal por internet especializado en difundir ideas de negocio, historias de \u00e9xito, temas de tecnolog\u00eda, marketing digital, publicidad, comercio exterior, finanzas y todas las herramientas necesarias para ser un emprendedor de \u00e9xito.\n\n\n\nRealiza el seguimiento de tu tr\u00e1mite, conoce el contenido de un t\u00edtulo presentado o haz un pago a cuenta de dicho t\u00edtulo.\n\n1.- \u00bfPara qu\u00e9 me sirve el SERVICIO DE ALERTA DE INSCRIPCI\u00d3N?\nEste servicio gratuito le brinda la posibilidad de ser informado a trav\u00e9s de un correo electr\u00f3nico y opcionalmente v\u00eda mensaje de texto, respecto de la presentaci\u00f3n de un t\u00edtulo sobre aquella partida registral y\/o obligatoria que sea de su inter\u00e9s. De esta manera, tendr\u00e1 conocimiento oportuno de la posible presentaci\u00f3n de t\u00edtulos que contengan documentos falsificados o basados \u200b\u200ben la suplantaci\u00f3n de personas.\n\n\n2.- \u00bfLa comunicaci\u00f3n del SERVICIO DE ALERTA DE INSCRIPCI\u00d3N faculta al usuario oponerse en el procedimiento de calificaci\u00f3n registral del t\u00edtulo presentado?\nNo, la comunicaci\u00f3n del servicio &#8216;Alerta de Inscripci\u00f3n&#8217; no significa que el usuario se encuentre facultado para formular oposici\u00f3n en el procedimiento registral, al ser este procedimiento de naturaleza no contenciosa conforme lo regula el art\u00edculo 1 del TUO del Reglamento General de los Registros P\u00fablicos.\n\n\n3.- \u00bfC\u00f3mo puedo suscribirme al SERVICIO DE ALERTA DE INSCRIPCI\u00d3N?\nLa suscripci\u00f3n se realiza a trav\u00e9s de la p\u00e1gina web de la Sunarp, ingresando a la siguiente direcci\u00f3n electr\u00f3nica https:\/\/www.sunarp.gob.pe\/alertaregistral.\n\n\n4.- \u00bfCu\u00e1nto me cuesta el SERVICIO DE ALERTA DE INSCRIPCI\u00d3N?\nEl servicio es gratuito.\n\n\n5.- \u00bfA cu\u00e1ntas partidas registrales puedo suscribirme?\nNo hay l\u00edmite en la suscripci\u00f3n de partidas para el servicio de Alerta de Inscripci\u00f3n. Mediante una sola cuenta puedes afiliar las partidas del Registro de Propiedad Inmueble, Registro de Personas Jur\u00eddicas y Registro de Propiedad Vehicular. Para dicho fin, solo deber\u00e1 conocer el n\u00famero de partida, ficha o tomo en donde se encuentre registrado el acto o derecho de su inter\u00e9s, y en el caso del Registro de Propiedad Vehicular conocer el n\u00famero de la placa del veh\u00edculo. Trat\u00e1ndose del Registro de Mandatos y Poderes, podr\u00e1 incorporar el nombre de hasta cinco personas, a fin de que el servicio le informe sobre el eventual poder que dichas personas puedan otorgar.\n\n\n6.- \u00bfCu\u00e1nto tiempo de duraci\u00f3n tiene el SERVICIO DE ALERTA DE INSCRIPCI\u00d3N?\nEl servicio de alerta de Inscripci\u00f3n se brinda indefinidamente y se extingue cuando se produce cualquiera de los siguientes supuestos:\n\nA solicitud del usuario, mediante el desistimiento del servicio, para ello debe ingresar a la p\u00e1gina web de la Sunarp, acceder a su cuenta mediante su usuario y contrase\u00f1a, y seleccionar la opci\u00f3n: &#8216;Cancelar Servicio&#8217;.\nCuando el titular registral brinde direcciones electr\u00f3nicas incorrectas o inoperativas.\n7.- \u00bfSi tengo alguna duda o inconveniente en el acceso o uso del servicio de Alerta de Inscripci\u00f3n, donde puedo comunicarme?\nUsted puede llamar a la l\u00ednea gratuita 0800-27164 (AL\u00d3 Sunarp) o enviar un correo electr\u00f3nico a consultas@sunarp.gob.pe. Tambi\u00e9n puedes consultar la-\n\nLa Sunarp pone a disposici\u00f3n de las entidades p\u00fablicas y ciudadan\u00eda en general el Servicio de visualizaci\u00f3n gratuito Base Gr\u00e1fica Registral a fin de acceder al visor de mapas \u201cVISOR BGR\u201d de la Sunarp y visualizar los pol\u00edgonos de los predios inscritos e incorporados a la Base Gr\u00e1fica Registral (BGR) en el \u00e1mbito nacional, sobre una imagen satelital o mapa.\n*\nPara la carga inicial del servicio de visualizaci\u00f3n BGR, requiere de un tiempo de espera de aproximadamente 60 segundos.\n*\nLos pol\u00edgonos de los predios inscritos visualizados en el \u201cVISOR BGR\u201d, son aquellos que han sido incorporados a partir de la informaci\u00f3n t\u00e9cnica que obran en los t\u00edtulos archivados, cuya informaci\u00f3n ha sido proporcionada en la solicitud de inscripci\u00f3n ante Sunarp, y se encuentran almacenadas en la Capa BGI_PREDIO_MATRIZ y BGI_PREDIO_INSCRITO.\n*\nLos pol\u00edgonos se encuentran georeferenciados en el sistema de coordenadas UTM (Datum PSAD56\/WGS84\/SIRGAS) pero para ser visualizados, han sido reproyectadas a coordenadas geogr\u00e1ficas en datum WGS84, por lo que tiene car\u00e1cter referencial y no constituye publicidad registral, por lo tanto no tiene valor para tr\u00e1mites administrativos ni judiciales. En caso, de requerir la georeferenciaci\u00f3n de la realidad f\u00edsica del predio se sugiere efectuar un levantamiento topogr\u00e1fico.\n*\nLa BGR contiene informaci\u00f3n incorporada a la fecha de la consulta y no corresponde a la totalidad de predios inscritos. Por lo que, se encuentra en constante proceso de complementaci\u00f3n y actualizaci\u00f3n por parte de las Oficinas de Catastro de la Sunarp. La consulta puede realizarse con el n\u00famero de la partida y la oficina registral, direcci\u00f3n, nombre del lugar o establecimiento, punto de coordenada o punto ubicado f\u00edsicamente sobre la imagen satelital o mapa.\n*\nEl \u00e1rea y per\u00edmetro mostrado, corresponde a la informaci\u00f3n gr\u00e1fica del pol\u00edgono reproyectado, en caso de requerir el \u00e1rea inscrita del predio, puede ser consultada en la Partida Registral a trav\u00e9s del servicio denominado \u00abConoce Aqu\u00ed\u00bb, el cual se puede acceder desde esta sede digital (https:\/\/conoce-aqui.sunarp.gob.pe\/conoce-aqui\/inicio)\n*\nEl cuadro de datos t\u00e9cnicos mostrado tiene car\u00e1cter referencial debido a que se encuentra reproyectada de Coordenadas Geogr\u00e1ficas a coordenadas UTM en datum WGS84. En caso, de requerir el pol\u00edgono georeferenciado y actualizado conforme a su \u00faltima inscripci\u00f3n, puede ser solicitada a trav\u00e9s de servicio de venta de Base Gr\u00e1fica Registral que se encuentra en el SPRL, el cual se puede acceder desde esta sede digital (https:\/\/enlinea.sunarp.gob.pe\/)\n*\nEl l\u00edmite de acceso diario al servicio de visualizaci\u00f3n BGR ser\u00e1 m\u00e1ximo de tres (3) veces por DNI consignado al inicio de sesi\u00f3n. Por cada acceso al servicio de visualizaci\u00f3n BGR, se podr\u00e1 navegar por un lapso de hasta 45 minutos.\n*\nDe considerar que existe un predio inscrito activo que no se encuentre en el servicio de visualizaci\u00f3n BGR y que cuente con informaci\u00f3n t\u00e9cnica en titulo archivo que permita definir la forma y ubicaci\u00f3n del pol\u00edgono, podr\u00e1 comunicarse al correo (actualizabgr@sunarp.gob.pe), indicando el n\u00famero de partida y la Oficina Registral a la que pertenece. Dicha comunicaci\u00f3n ser\u00e1 remitida a la Oficina de Catastro de la Zona Registral correspondiente para su evaluaci\u00f3n y actualizaci\u00f3n de ser el caso, dando respuesta a su comunicaci\u00f3n a trav\u00e9s del correo electr\u00f3nico remitido en un plazo no mayor de 10 d\u00edas h\u00e1biles.\n*\nLos requisitos m\u00ednimos del equipo de consulta para un buen funcionamiento del servicio \u201cVISOR BGR\u201d, son los siguiente: Memoria RAM 8gb, navegador actualizado, conexi\u00f3n a internet estable.\n*\nEl usuario se obliga a emplear correctamente el servicio, por lo que deber\u00e1 ce\u00f1irse a los lineamientos y a los criterios de seguridad dise\u00f1ados por la Sunarp para el normal funcionamiento del sistema, debiendo abstenerse de utilizar con fines o efectos il\u00edcitos, o contrarios a lo establecido en estos t\u00e9rminos y condiciones; no proporcionar a terceros su DNI u otro documento oficial de identidad para ingresar al servicio \u201cVISOR BGR\u201d; no modificar las im\u00e1genes obtenidas a trav\u00e9s de los servicios del \u201cVISOR BGR\u201d.\n*\nLa Sunarp est\u00e1 facultada para verificar el cumplimiento de las estipulaciones para el acceso al servicio \u201cVISOR BGR\u201d, as\u00ed como las limitaciones previstas en los presentes t\u00e9rminos y condiciones.\n*\nLa Sunarp podr\u00e1 realizar las modificaciones que crea conveniente a los presentes t\u00e9rminos y condiciones, en cualquier momento, as\u00ed como incluir nuevos t\u00e9rminos o suprimir algunos de los existentes a la fecha de aceptaci\u00f3n de los mismos por el usuario. Los cambios en los t\u00e9rminos y condiciones ser\u00e1n efectivos cuando se publiquen. La continuaci\u00f3n del uso del sitio web despu\u00e9s de haber sido publicado cualquier cambio, ser\u00e1 considerada como aceptaci\u00f3n de estos cambios.\n\n\n\nRecupera el c\u00f3digo de verificaci\u00f3n para descargar tu Tarjeta de Identificaci\u00f3n Vehicular Electr\u00f3nica \u201cTIVe\u201d generada por un tr\u00e1mite de inscripci\u00f3n o publicidad registral.\n\nEl servicio denominado \u201cALERTA ROBO\u201d permite que los usuarios que cuentan con la tarjeta de identificaci\u00f3n vehicular electr\u00f3nica &#8211; TIVE, efect\u00faen la comunicaci\u00f3n inmediata del robo de un veh\u00edculo, desde la sede digital de la Sunarp (www.gob.pe\/sunarp), previo proceso de validaci\u00f3n establecido por esta \u00faltima, para su difusi\u00f3n en los siguientes sistemas: Consulta vehicular gratuita, Sistema de Informaci\u00f3n Registral del Registro de Propiedad Vehicular (SIR-RPV), publicidad registral y en el sistema de la Polic\u00eda Nacional del Per\u00fa (PNP). Dicho aviso tendr\u00e1 una duraci\u00f3n de 20 d\u00edas calendario, espacio de tiempo en el cual el usuario deber\u00e1 tramitar la denuncia en la comisar\u00eda para la ulterior presentaci\u00f3n del t\u00edtulo de anotaci\u00f3n de robo ante la Sunarp por parte de la PNP.\n\n1.- \u00bfPara qu\u00e9 me sirve el SERVICIO DE ALERTA DE INSCRIPCI\u00d3N?\nEste servicio gratuito le brinda la posibilidad de ser informado a trav\u00e9s de un correo electr\u00f3nico y opcionalmente v\u00eda mensaje de texto, respecto de la presentaci\u00f3n de un t\u00edtulo sobre aquella partida registral y\/o obligatoria que sea de su inter\u00e9s. De esta manera, tendr\u00e1 conocimiento oportuno de la posible presentaci\u00f3n de t\u00edtulos que contengan documentos falsificados o basados \u200b\u200ben la suplantaci\u00f3n de personas.\n\n\n2.- \u00bfLa comunicaci\u00f3n del SERVICIO DE ALERTA DE INSCRIPCI\u00d3N faculta al usuario oponerse en el procedimiento de calificaci\u00f3n registral del t\u00edtulo presentado?\nNo, la comunicaci\u00f3n del servicio &#8216;Alerta de Inscripci\u00f3n&#8217; no significa que el usuario se encuentre facultado para formular oposici\u00f3n en el procedimiento registral, al ser este procedimiento de naturaleza no contenciosa conforme lo regula el art\u00edculo 1 del TUO del Reglamento General de los Registros P\u00fablicos.\n\n\n3.- \u00bfC\u00f3mo puedo suscribirme al SERVICIO DE ALERTA DE INSCRIPCI\u00d3N?\nLa suscripci\u00f3n se realiza a trav\u00e9s de la p\u00e1gina web de la Sunarp, ingresando a la siguiente direcci\u00f3n electr\u00f3nica https:\/\/www.sunarp.gob.pe\/alertaregistral.\n\n\n4.- \u00bfCu\u00e1nto me cuesta el SERVICIO DE ALERTA DE INSCRIPCI\u00d3N?\nEl servicio es gratuito.\n\n\n5.- \u00bfA cu\u00e1ntas partidas registrales puedo suscribirme?\nNo hay l\u00edmite en la suscripci\u00f3n de partidas para el servicio de Alerta de Inscripci\u00f3n. Mediante una sola cuenta puedes afiliar las partidas del Registro de Propiedad Inmueble, Registro de Personas Jur\u00eddicas y Registro de Propiedad Vehicular. Para dicho fin, solo deber\u00e1 conocer el n\u00famero de partida, ficha o tomo en donde se encuentre registrado el acto o derecho de su inter\u00e9s, y en el caso del Registro de Propiedad Vehicular conocer el n\u00famero de la placa del veh\u00edculo. Trat\u00e1ndose del Registro de Mandatos y Poderes, podr\u00e1 incorporar el nombre de hasta cinco personas, a fin de que el servicio le informe sobre el eventual poder que dichas personas puedan otorgar.\n\n\n6.- \u00bfCu\u00e1nto tiempo de duraci\u00f3n tiene el SERVICIO DE ALERTA DE INSCRIPCI\u00d3N?\nEl servicio de alerta de Inscripci\u00f3n se brinda indefinidamente y se extingue cuando se produce cualquiera de los siguientes supuestos:\n\nA solicitud del usuario, mediante el desistimiento del servicio, para ello debe ingresar a la p\u00e1gina web de la Sunarp, acceder a su cuenta mediante su usuario y contrase\u00f1a, y seleccionar la opci\u00f3n: &#8216;Cancelar Servicio&#8217;.\nCuando el titular registral brinde direcciones electr\u00f3nicas incorrectas o inoperativas.\n7.- \u00bfSi tengo alguna duda o inconveniente en el acceso o uso del servicio de Alerta de Inscripci\u00f3n, donde puedo comunicarme?\nUsted puede llamar a la l\u00ednea gratuita 0800-27164 (AL\u00d3 Sunarp) o enviar un correo electr\u00f3nico a consultas@sunarp.gob.pe. Tambi\u00e9n puedes consultar la\n\nServicio Gratuito que permite al usuario tener acceso directo y confiable a ciertos datos relacionados a las caracter\u00edsticas de los veh\u00edculos registrados a nivel nacional, as\u00ed como el o los titulares del veh\u00edculo.\n\n\n\nIngresa a \u00abS\u00edguelo\u00bb y podr\u00e1s consultar gratuitamente el estado y tr\u00e1mite de tu t\u00edtulo, en forma referencial. Asimismo, podr\u00e1s visualizar las esquelas de observaci\u00f3n, liquidaci\u00f3n y tacha, los informes t\u00e9cnicos del \u00c1rea de Catastro, los asientos de inscripci\u00f3n, entre otros; evitando que tengas que acudir a nuestras oficinas.\n\n\n\nConocimiento registral gratuito, servicio que ofrece la Biblioteca Registral Digital en una amplia selecci\u00f3n de libros, revistas, tesis, compendios, accesos a repositorios externos, videos de car\u00e1cter jur\u00eddico registral y m\u00e1s.\n\nEl m\u00f3dulo CIUDADANOS te permite presentar t\u00edtulos de diversos actos registrales mediante el uso de las firmas digital o electr\u00f3nica, seg\u00fan el caso. As\u00ed, v\u00eda el SID Sunarp podr\u00e1s realizar:\nReserva de denominaci\u00f3n o raz\u00f3n social (Reserva de nombre)\nAdem\u00e1s, puedes realizar subsanaci\u00f3n, apelaci\u00f3n, desistimiento o anular una reserva otorgada.\n\nConstituci\u00f3n de empresas con intervenci\u00f3n del notario\nPara constituir una EIRL, SA, SAC, SRL como micro y peque\u00f1a empresa.\n\nConstituci\u00f3n de empresas sin intervenci\u00f3n del notario\nConstituye una Sociedad por Acciones Cerrada Simplificada (SACS).Los intervinientes deben contar con certificado digital (DNI electr\u00f3nico u otro emitido por una entidad de certificaci\u00f3n) y, de corresponder, con la lectora de tarjetas inteligentes.\n\nRectificaci\u00f3n por error material de la Sunarp\nSolicitud para corregir errores cometidos por el registrador que se sustenten en el t\u00edtulo archivado.\n\nPresentaci\u00f3n de solicitudes electr\u00f3nicas\nSolicitudes de inscripci\u00f3n (registros de Predios, Vehicular y Personas Jur\u00eddicas) como transferencia de propiedad por sucesi\u00f3n intestada o por ampliaci\u00f3n de testamento; adjudicaci\u00f3n de bienes por divorcio; entre otras.\n\nDesistimiento y apelaci\u00f3n de t\u00edtulos presentados v\u00eda el SID Sunarp desde un consulado en el extranjero.\n\nApelaciones de t\u00edtulos presentados por notario v\u00eda el SID Sunarp\nApelaciones ante el Tribunal Registral sobre t\u00edtulos presentados por notario v\u00eda el SID Sunarp; as\u00ed como solicitudes de informe oral, desistimiento de apelaci\u00f3n y rogatoria, y otros actos relacionados al tr\u00e1mite de inscripci\u00f3n.\n\nCambio de Placa \u00danica Nacional de Rodaje\nCambia la placa de tu veh\u00edculo si fue inscrito en el Registro de Propiedad Vehicular antes del 2010 y a\u00fan conserva el modelo antiguo de placa (Res. N\u00ba 256-2025-MTC\/01.02).\n\nDNI Documento nacional de identidad\nActas de Nacimiento, Matrimonio y Defunci\u00f3n\nIdentidad y Certificados Digitales\nMis declaraciones y pagos (Declaraci\u00f3n y pago de IGV &#8211; Renta mensual, Agentes de retenci\u00f3n y percepci\u00f3n. Pago y consulta de pago de detracciones.).\nMis tramites y consultas (Acceso a tr\u00e1mites y consultas virtuales para Personas, Empresas y Operadores de Comercio Exterior.)\nPagos sin clave SOL (Boleta de pago otros, Regimenes especiales de la ONP, Boleta de pagos varios, Pago NPS.)\n\n\nServicios digitales orientados al ciudadano del Ministerio de Educaci\u00f3n\nAcceso a la informaci\u00f3n p\u00fablica\nCanal digital a trav\u00e9s del cual los ciudadanos pueden presentar su solicitud de acceso a la informaci\u00f3n p\u00fablica.\nMi certificado\nPlataforma que permite al ciudadano solicitar de forma virtual la emisi\u00f3n de su certificado de estudios (CE) a la instituci\u00f3n educativa.\nRegistro de denuncias anticorrupci\u00f3n\nCanal digital a trav\u00e9s del cual los ciudadanos pueden presentar denuncias por presuntos actos de corrupci\u00f3n.\n\nPromovemos un empleo decente y productivo, as\u00ed como el cumplimiento de los derechos laborales y fundamentales de la poblaci\u00f3n, fortaleciendo el di\u00e1logo social, la empleabilidad y protecci\u00f3n de los grupos vulnerables, siempre desde una visi\u00f3n centrada a la ciudadan\u00eda.\n\nTr\u00e1mite de Certificado de Antecedentes Policiales Digital\nCERAP &#8211; DIGITAL\nDenuncia Policial Digital\nMesa de Partes Digital Policial\nReserva de Citas en L\u00ednea &#8211; Tr\u00e1mite de Lunas Oscurecidas\nBienvenido al Servicio de Consultas en l\u00ednea de\nVeh\u00edculos con Orden de Captura\nBienvenido al Servicio de Consultas en l\u00ednea de\nVeh\u00edculos con permiso de Lunas Oscurecidas\n\nNuestra plataforma virtual permite a los usuarios acceder a bases de datos, cat\u00e1logos y bibliograf\u00edas, colecciones digitales, adquisiciones recientes de libros y revistas, y una amplia gama de servicios relacionados con la defensa de la competencia, protecci\u00f3n al consumidor y la propiedad intelectual. Brindamos servicios especializados apropiados para los ciudadanos con discapacidad visual, facilitando el acceso a la informaci\u00f3n en Protecci\u00f3n al consumidor, propiedad intelectual, defensa de la competencia. La colecci\u00f3n est\u00e1 formada por material adaptado entre los que se encuentran: audiolibros accesibles en l\u00ednea. En Sala de Lectura puede consultar y acceder a los recursos electr\u00f3nicos y al cat\u00e1logo de la Biblioteca Virtual.\n\nHag\u00e1moslo f\u00e1cil.\n\u00bfQu\u00e9 pagamos hoy?\n\u00bfTienes prisa? \u00a1Lo sabemos!\nA continuaci\u00f3n te listamos las tasas y servicios m\u00e1s buscados en P\u00e1galo.pe\n\n\n\n","protected":false},"excerpt":{"rendered":"","protected":false},"author":2,"featured_media":0,"parent":0,"menu_order":0,"comment_status":"closed","ping_status":"closed","template":"","meta":{"pagelayer_contact_templates":[],"_pagelayer_content":"","footnotes":""},"class_list":["post-139","page","type-page","status-publish","hentry"],"_links":{"self":[{"href":"https:\/\/www.escritoriovirtual.net.pe\/index.php?rest_route=\/wp\/v2\/pages\/139","targetHints":{"allow":["GET"]}}],"collection":[{"href":"https:\/\/www.escritoriovirtual.net.pe\/index.php?rest_route=\/wp\/v2\/pages"}],"about":[{"href":"https:\/\/www.escritoriovirtual.net.pe\/index.php?rest_route=\/wp\/v2\/types\/page"}],"author":[{"embeddable":true,"href":"https:\/\/www.escritoriovirtual.net.pe\/index.php?rest_route=\/wp\/v2\/users\/2"}],"replies":[{"embeddable":true,"href":"https:\/\/www.escritoriovirtual.net.pe\/index.php?rest_route=%2Fwp%2Fv2%2Fcomments&post=139"}],"version-history":[{"count":26,"href":"https:\/\/www.escritoriovirtual.net.pe\/index.php?rest_route=\/wp\/v2\/pages\/139\/revisions"}],"predecessor-version":[{"id":166,"href":"https:\/\/www.escritoriovirtual.net.pe\/index.php?rest_route=\/wp\/v2\/pages\/139\/revisions\/166"}],"wp:attachment":[{"href":"https:\/\/www.escritoriovirtual.net.pe\/index.php?rest_route=%2Fwp%2Fv2%2Fmedia&parent=139"}],"curies":[{"name":"wp","href":"https:\/\/api.w.org\/{rel}","templated":true}]}}