{"id":2,"date":"2016-05-10T03:48:21","date_gmt":"2016-05-09T22:48:21","guid":{"rendered":"http:\/\/www.escritoriovirtual.net.pe\/?page_id=2"},"modified":"2026-04-22T22:01:08","modified_gmt":"2026-04-22T17:01:08","slug":"sample-page","status":"publish","type":"page","link":"https:\/\/www.escritoriovirtual.net.pe\/","title":{"rendered":"HOME"},"content":{"rendered":"\n\n\nSERVICIOS Y CURSOS\n<h3>Trabajar en l\u00ednea acelera los resultados.<\/h3>\n\n\n\n\nSERVICIOS\n\n\nTODOS LOS SERVICIOS QUE PUEDE REALIZAR EN L\u00cdNEA DESDE DONDEQUIERA QUE SE ENCUENTRE\n\n\nCLASES DE MECANOGRAF\u00cdA Y OTROS CURSOS EN L\u00cdNEA\n\n\nAy\u00fadanos a mejorar los recursos de esta p\u00e1gina web para que sea m\u00e1s completa.\n\n\n\n\n\n\nRealizar una charla sobre mecanograf\u00eda es una excelente forma de motivar a otros a dominar una habilidad que, aunque parezca b\u00e1sica, transforma radicalmente la productividad y la salud mental en la era digital.\n\n\n<p style=\"text-align: center;\"><font dir=\"auto\" style=\"vertical-align: inherit;\"><font dir=\"auto\" style=\"vertical-align: inherit; font-size: x-large; color: rgb(230, 0, 0); background-color: rgb(255, 255, 0);\">EN PUERTO MALDONADO DE LUNES A VIERNES POERIODO MANANA 7AM A 12AM. AV MADRE DE DIOS CON TACNA FRENTE AL COLEGIO FITZCARRAL.&nbsp;<\/font><\/font><\/p>\n<p style=\"text-align: center;\"><strong style=\"font-size: x-large; color: rgb(230, 0, 0);\">PRESENCIAL<\/strong><\/p>\n\n\nComo poner una estaci\u00f3n de radio, aprender\u00e1s paso a paso todo lo necesario para crear y administrar tu propia emisora online desde cero. Conocer\u00e1s los equipos y programas esenciales, como micr\u00f3fonos, mezcladores virtuales y software de transmisi\u00f3n como BUTT, Mixxx o SAM Broadcaster. Descubrir\u00e1s c\u00f3mo configurar un servidor de streaming con plataformas como Shoutcast, Icecast o Radio.co, y c\u00f3mo conectar tu emisi\u00f3n en vivo a tu p\u00e1gina web o aplicaci\u00f3n m\u00f3vil. Tambi\u00e9n aprender\u00e1s a organizar tu programaci\u00f3n, gestionar listas musicales, agregar locuciones y mejorar la calidad del sonido. El curso incluye estrategias de promoci\u00f3n y monetizaci\u00f3n, para que puedas atraer oyentes y hacer crecer tu audiencia. Al finalizar, estar\u00e1s listo para lanzar una radio profesional en l\u00ednea.\n\nEn este curso sobre informativos en televisi\u00f3n estudiar\u00e1s el periodismo televisivo aplicado, principalmente, lo que se conoce como noticia televisiva e informativo televisivo.\nGracias a \u00e9l, aprender\u00e1s las destrezas te\u00f3ricas y t\u00e9cnicas necesarias para la construcci\u00f3n de discursos audiovisuales informativos. Sumado al conocimiento del panorama informativo nacional e internacional, realizar\u00e1s diversas pr\u00e1cticas de dise\u00f1o estructural, preproducci\u00f3n, grabaci\u00f3n, presentaci\u00f3n, locuci\u00f3n y edici\u00f3n de piezas y relatos informativos breves. Todo esto te ayudar\u00e1 tambi\u00e9n a familiarizarte con las din\u00e1micas b\u00e1sicas de la producci\u00f3n y la realizaci\u00f3n de un programa informativo en plat\u00f3.\n\u00bfA qui\u00e9n va dirigido este curso sobre informativos en televisi\u00f3n?\nEl curso ha sido creado para todas aquellas personas que est\u00e1n interesadas en adquirir conocimientos b\u00e1sicos propios del campo de la televisi\u00f3n informativa, por eso no es necesario tener altos conocimientos en la materia para llevarlo a cabo. De este modo, ser\u00e1 especialmente \u00fatil para los estudiantes de periodismo y comunicaci\u00f3n, as\u00ed como de comunicaci\u00f3n audiovisual.\nAun as\u00ed, se recomienda tener ciertas nociones elementales sobre la comunicaci\u00f3n audiovisual y period\u00edstica para llegar a comprender todos los conceptos que se exponen. Por ejemplo, sobre redacci\u00f3n period\u00edstica, distinci\u00f3n de grandes g\u00e9neros period\u00edsticos y gram\u00e1tica de la imagen. Adem\u00e1s, necesitar\u00e1s un ordenador u otro dispositivo con conexi\u00f3n estable a Internet para poder acceder a todos los contenidos.\n\u00bfQu\u00e9 aprender\u00e1s en el curso sobre informativos en televisi\u00f3n?\nEl curso es impartido por las profesoras universitarias Nieves Lim\u00f3n Serrano y Gloria Rosique Cedillo, del Departamento de Periodismo y Comunicaci\u00f3n Audiovisual. Tiene una duraci\u00f3n total de 150 horas. El programa consta de 10 temas y cada uno de ellos incluye introducciones explicativas y presentaciones de apoyo. A lo que se suman sus correspondientes aportes bibliogr\u00e1ficos, videogr\u00e1ficos y webgr\u00e1ficos de consulta obligatoria y complementaria.\n\n\n\n\nGoogle Classroom es una plataforma educativa gratuita de Google que funciona como un aula virtual, permitiendo a los alumnos recibir tareas, materiales de estudio, realizar entregas, ver calificaciones y comunicarse con sus profesores de forma organizada desde cualquier dispositivo. Se integra con herramientas como Drive, Docs y Meet para facilitar el aprendizaje.\n\n\n\n\nCurso B\u00e1sico de WordPress desde Cero GRATIS\n\n\n","protected":false},"excerpt":{"rendered":"","protected":false},"author":1,"featured_media":0,"parent":0,"menu_order":0,"comment_status":"closed","ping_status":"closed","template":"","meta":{"pagelayer_contact_templates":[],"_pagelayer_content":"","footnotes":""},"class_list":["post-2","page","type-page","status-publish","hentry"],"_links":{"self":[{"href":"https:\/\/www.escritoriovirtual.net.pe\/index.php?rest_route=\/wp\/v2\/pages\/2","targetHints":{"allow":["GET"]}}],"collection":[{"href":"https:\/\/www.escritoriovirtual.net.pe\/index.php?rest_route=\/wp\/v2\/pages"}],"about":[{"href":"https:\/\/www.escritoriovirtual.net.pe\/index.php?rest_route=\/wp\/v2\/types\/page"}],"author":[{"embeddable":true,"href":"https:\/\/www.escritoriovirtual.net.pe\/index.php?rest_route=\/wp\/v2\/users\/1"}],"replies":[{"embeddable":true,"href":"https:\/\/www.escritoriovirtual.net.pe\/index.php?rest_route=%2Fwp%2Fv2%2Fcomments&post=2"}],"version-history":[{"count":17,"href":"https:\/\/www.escritoriovirtual.net.pe\/index.php?rest_route=\/wp\/v2\/pages\/2\/revisions"}],"predecessor-version":[{"id":172,"href":"https:\/\/www.escritoriovirtual.net.pe\/index.php?rest_route=\/wp\/v2\/pages\/2\/revisions\/172"}],"wp:attachment":[{"href":"https:\/\/www.escritoriovirtual.net.pe\/index.php?rest_route=%2Fwp%2Fv2%2Fmedia&parent=2"}],"curies":[{"name":"wp","href":"https:\/\/api.w.org\/{rel}","templated":true}]}}