{"id":39,"date":"2026-03-24T22:21:09","date_gmt":"2026-03-24T17:21:09","guid":{"rendered":"https:\/\/www.escritoriovirtual.net.pe\/?page_id=39"},"modified":"2026-03-24T22:57:03","modified_gmt":"2026-03-24T17:57:03","slug":"contacto","status":"publish","type":"page","link":"https:\/\/www.escritoriovirtual.net.pe\/?page_id=39","title":{"rendered":"Contacto"},"content":{"rendered":"\n\n\n<h2>Estas clases son un proyecto social del pastor misionero Jos\u00e9 Eduardo para las personas que viven en el sector de Puerto Maldonado.<\/h2>\n<h2>Si desea realizar actividades con su grupo o comunidad, p\u00f3ngase en contacto con los profesores a trav\u00e9s del bot\u00f3n de WhatsApp o llame al 955 344 028.<\/h2>\nPUERTO MALDONADO\n<h2>CORREO ELECTR\u00d3NICO<\/h2>\n<h2>PDMCUSCO@GMAIL.COM<\/h2>\n\n\n","protected":false},"excerpt":{"rendered":"","protected":false},"author":2,"featured_media":0,"parent":0,"menu_order":0,"comment_status":"closed","ping_status":"closed","template":"","meta":{"pagelayer_contact_templates":[],"_pagelayer_content":"","footnotes":""},"class_list":["post-39","page","type-page","status-publish","hentry"],"_links":{"self":[{"href":"https:\/\/www.escritoriovirtual.net.pe\/index.php?rest_route=\/wp\/v2\/pages\/39","targetHints":{"allow":["GET"]}}],"collection":[{"href":"https:\/\/www.escritoriovirtual.net.pe\/index.php?rest_route=\/wp\/v2\/pages"}],"about":[{"href":"https:\/\/www.escritoriovirtual.net.pe\/index.php?rest_route=\/wp\/v2\/types\/page"}],"author":[{"embeddable":true,"href":"https:\/\/www.escritoriovirtual.net.pe\/index.php?rest_route=\/wp\/v2\/users\/2"}],"replies":[{"embeddable":true,"href":"https:\/\/www.escritoriovirtual.net.pe\/index.php?rest_route=%2Fwp%2Fv2%2Fcomments&post=39"}],"version-history":[{"count":4,"href":"https:\/\/www.escritoriovirtual.net.pe\/index.php?rest_route=\/wp\/v2\/pages\/39\/revisions"}],"predecessor-version":[{"id":48,"href":"https:\/\/www.escritoriovirtual.net.pe\/index.php?rest_route=\/wp\/v2\/pages\/39\/revisions\/48"}],"wp:attachment":[{"href":"https:\/\/www.escritoriovirtual.net.pe\/index.php?rest_route=%2Fwp%2Fv2%2Fmedia&parent=39"}],"curies":[{"name":"wp","href":"https:\/\/api.w.org\/{rel}","templated":true}]}}