{"id":59,"date":"2026-03-24T22:53:21","date_gmt":"2026-03-24T17:53:21","guid":{"rendered":"https:\/\/www.escritoriovirtual.net.pe\/?page_id=59"},"modified":"2026-04-17T03:37:28","modified_gmt":"2026-04-16T22:37:28","slug":"otros-servicios","status":"publish","type":"page","link":"https:\/\/www.escritoriovirtual.net.pe\/?page_id=59","title":{"rendered":"OTROS SERVICIOS"},"content":{"rendered":"\n\n\n<h2>Ayude a agregar m\u00e1s servicios que conozca que puedan ser p\u00fablicos y estar disponibles en l\u00ednea.<\/h2>\n<h2 style=\"color: rgb(230, 0, 0);\">Env\u00ede las explicaciones y el enlace a la direcci\u00f3n de correo electr\u00f3nico PDMCUSCO@GMAIL.COM.<\/h2>\n\n\n\n\n\n<h1 style=\"color: rgb(230, 0, 0);\">Editor HTML en l\u00ednea<\/h1>\n\n\n<h1><span style=\"color:#e60000;\">Editor de audio<\/span> <\/h1>\n<p>Editor de audio. Nuevo, Potente y todo en l\u00ednea<\/p>\n<p>\u00bfEst\u00e1s buscando un editor de audio en l\u00ednea f\u00e1cil de usar? Has venido al lugar correcto. El potente editor de audio de VEED lo tiene todo. Con el editor de audio puedes grabar audio, quitar el ruido de fondo, a\u00f1adir m\u00fasica y mucho m\u00e1s. Abre VEED en el navegador que prefieras, sube tu pista de audio en cualquier formato \u00a1y editalo en segundos! Sin importar si eres un cantante, un mezclador de m\u00fasica o un maestro en l\u00ednea, VEED est\u00e1 aqu\u00ed para apoyarte. No necesitas descargar programas pesados para grabar audio, VEED es un editor de audio completamente en l\u00ednea. Todo tipo de archivos &#8211; VEED funciona con MP3, WAV, M4A y mucho m\u00e1s. Acepta todos los tipos de archivos populares. Tambi\u00e9n extrae el audio de archivos en formato de v\u00eddeo. Para subir un archivo, solo arrastra y su\u00e9ltalo desde tu ordenador. Es as\u00ed de f\u00e1cil.<\/p>\n\n\n<h1 style=\"color: rgb(230, 0, 0);\"><strong>Creador de intros online<\/strong><\/h1>\n<p>Eche un vistazo a nuestra extensa colecci\u00f3n de logos y animaciones de intros en todos los estilos. Agregue su logo a la plantilla de su elecci\u00f3n y vea c\u00f3mo cobra vida con im\u00e1genes impresionantes. \u00daselo como intro u outro para dejar el distintivo de su marca en cada video que cree.<\/p>\n\n\n<h1><span style=\"color:#e60000;\"><strong>Intro Maker es la forma m\u00e1s sencilla de crear un v\u00eddeo de introducci\u00f3n para YouTube<\/strong><\/span>\n<\/h1>\n<p>Personaliza tu v\u00eddeo en segundos sin descargar ning\u00fan software.<\/p>\n\n\n<h1><strong style=\"color: rgb(230, 0, 0);\">Animaker<\/strong><span style=\"color:#e60000;\"><\/span><\/h1>\n<p>El creador de Intros para YouTube m\u00e1s sencillo del mundo<\/p><div>Uso gratis, para siempre. No se requiere tarjeta de cr\u00e9dito.<\/div>\n<p>&nbsp;Animaker ha ayudado a m\u00e1s de 30 millones de personas a crear videos incre\u00edbles por s\u00ed mismas.<\/p><p>Adem\u00e1s, es la herramienta de confianza de algunas de las principales marcas del mundo.<\/p>\n\n\n<h1><strong style=\"color: rgb(230, 0, 0);\">Documentaci\u00f3n de WPS &#8211; WORD EN LINEA<\/strong><span style=\"color:#e60000;\"><\/span><\/h1>\n<p>Versi\u00f3n web pura, colaboraci\u00f3n pura<\/p><p>Puedes compartir archivos. WPS Docs combina la gesti\u00f3n de archivos y la gesti\u00f3n de miembros. WPS Docs est\u00e1 dise\u00f1ado para que las pymes colaboren y compartan archivos en el trabajo.<\/p>\n\n\n<h2 style=\"color: rgb(230, 0, 0);\">Libros para leer gratis en PDF (Obras Cl\u00e1sicas y m\u00e1s)<\/h2>\n<p>\u00bfQuieres leer libros cl\u00e1sicos completos en tu Ordenador, Tel\u00e9fono M\u00f3vil o Tablet? \u00a1Llegaste al lugar correcto!<\/p>\n\n\n<h2 style=\"color: rgb(230, 0, 0);\">Editor de PDF en l\u00ednea todo en uno<\/h2>\n<p>Edite, convierta y firme los PDF f\u00e1cilmente. Es r\u00e1pido, sencillo y seguro.<\/p>\n\n\n<h2 style=\"color: rgb(230, 0, 0);\">Convertidor de audio online<\/h2>\n<p>Convierta archivos de audio de cualquier formato en l\u00ednea<\/p><p>Convertio es una herramienta basada en el navegador, lo que significa que no tienes que descargar nada en tu dispositivo porque funciona en l\u00ednea<\/p><p>Carga un archivo desde tu dispositivo, Google Drive, Dropbox o pegando una URL. Haz clic en \u00abConvertir\u00bb, espera un momento mientras la herramienta procesa el audio y guarda el resultado.<\/p><p>El convertidor admite todos los formatos habituales de audio, como MP3, OGG, WAV, WMA y otros.<\/p><p>La interfaz es muy sencilla e intuitiva, \u00a1no requiere ninguna acci\u00f3n adicional! Se ha dise\u00f1ado para facilitar que cualquiera pueda convertir archivos.<\/p>\n\n\n<h2 style=\"color: rgb(230, 0, 0);\">Convertidor de v\u00eddeo en l\u00ednea<\/h2>\n<p>Convierta su v\u00eddeo a cualquier formato<\/p><p>Arrastre y suelte su archivo en la web para comenzar la conversi\u00f3n. Elija un formato de salida y espere unos segundos para que se complete el proceso.<\/p><p>Utilizamos algoritmos de procesamiento de v\u00eddeo de primera clase para que no pierda calidad durante la conversi\u00f3n.<\/p><p>Utilice nuestra herramienta en l\u00ednea en su navegador favorito y en cualquier sistema operativo: Windows, Mac o Linux. Tambi\u00e9n puede convertir v\u00eddeos en Android y iPhone.<\/p><p>El proceso es completamente seguro porque eliminamos sus archivos de v\u00eddeo inmediatamente despu\u00e9s de la conversi\u00f3n y nadie puede acceder a ellos. Obt\u00e9n m\u00e1s informaci\u00f3n sobre seguridad.<\/p><p>Nuestra herramienta puede convertir a y desde formatos tan populares como MP4, WMV, MOV, AVI y otros menos comunes. En total, hay disponibles 3256 conversiones de v\u00eddeo diferentes.<\/p><p>El convertidor le brinda la posibilidad de ajustar el v\u00eddeo. Puede personalizar f\u00e1cilmente la calidad, la relaci\u00f3n de aspecto, los c\u00f3decs y otras configuraciones, as\u00ed como rotar y voltear la imagen.<\/p><div><br><\/div>\n\n\n<h2 style=\"color: rgb(230, 0, 0);\">Descargador gratuito de videos de YouTube<\/h2>\n<p>El mejor descargador de videos de YouTube del mundo. Pega una URL para descargar el video. Gratis, r\u00e1pido y sin anuncios. No requiere inicio de sesi\u00f3n.<\/p>\n\n\n<h2 style=\"color: rgb(230, 0, 0);\">Gemini Live<\/h2>\n<p>\u00bfGemini Live que es y para qu\u00e9 sirve?<\/p><p>Con Gemini Live, puedes hacer lo siguiente: Mantener una conversaci\u00f3n: Habla con Gemini sin escribir, y te responder\u00e1 verbalmente. Intercambiar ideas en voz alta: Pide ideas para comprar un regalo, planificar un evento o crear un plan de negocios. Explorar: Descubre m\u00e1s informaci\u00f3n sobre los temas que te interesan.<\/p><div><div>Gemini Live ya est\u00e1 disponible de forma gratuita en nuestros m\u00f3viles y en el idioma espa\u00f1ol. Se trata de una herramienta de Gemini, la inteligencia artificial de Google, con la que podemos establecer una conversaci\u00f3n de manera natural.<\/div><\/div>\n\n\n<h2 style=\"color: rgb(230, 0, 0);\">NotebookLM IA<\/h2>\n<p>NotebookLM es una herramienta excelente para proyectos creativos. Te ayuda a organizar la investigaci\u00f3n, resumir fuentes y, a continuaci\u00f3n, explorar ideas, redactar borradores y pulir tu guion con sugerencias de IA.<\/p><p>\u00bfQu\u00e9 es NotebookLM y c\u00f3mo funciona?<\/p><p>NotebookLM funciona como un \u201ccuaderno digital inteligente\u201d.<\/p><p>A partir de ese material, la herramienta genera res\u00famenes autom\u00e1ticos, mapas conceptuales, cronolog\u00edas y gu\u00edas de estudio, y permite hacerle preguntas concretas a un chatbot que solo responde en base a esas fuentes cargadas<\/p><p>\u00bfNotebookLM es gratuito?<\/p><p>S\u00ed, NotebookLM tiene un plan completamente gratuito accesible con cualquier cuenta de Google. Permite hasta 50 cuadernos, 50 fuentes por cuaderno y genera Audio Overviews, gu\u00edas de estudio, flashcards y mucho m\u00e1s sin ning\u00fan coste<\/p>\n\n\n<h2><span style=\"color:#e60000;\">Escuela B\u00edblica<\/span>\n<\/h2>\n<p>Le damos la m\u00e1s cordial bienvenida a la Escuela B\u00edblica. Aqu\u00ed podr\u00e1 encontrar los recursos m\u00e1s variados para el estudio de la Biblia: predicaciones, sermones, concordancia b\u00edblica, radio cristiana, Biblia en audio, testimonios, folletos cristianos&#8230; y sobre todo, la posibilidad de inscribirse en la Escuela B\u00edblica.<\/p>\n\n\n<h2 style=\"color: rgb(230, 0, 0);\">Buscador de Libros<\/h2>\n<p>C\u00f3mo Descargo los Libros?<\/p><p>Paso 1: Busca el libro que deseas (El Buscador de Libros en la parte superior de la pagina)<\/p><p>Paso 2: Click al bot\u00f3n de Descargar\/Download<\/p><p>Paso 3: Luego darle Click al boton de Continue to Download. Te pedira ver un video de 15 segundos o loguearte con tu cuenta de google.<\/p><p>Paso 4: Sino tienes cuenta dale click a iniciar con tu cuenta de google Continue with Google. Esto solo lo debes hacer una unica vez.<\/p><p>Paso 5: Con tu cuenta ya creada podras descargar libremente.<\/p><p>Esto lo hacemos con el fin de proteger los enlaces y que los libros siempre esten disponibles.<\/p>\n\n\n<h2 style=\"color: rgb(230, 0, 0);\">Workana<\/h2>\n<p>\u00bfC\u00f3mo funciona Workana?<\/p><p>Empieza a trabajar como freelancer hoy mismo<\/p><p>Publica un proyecto y comienza a recibir propuestas<\/p><p>En Workana encontrar\u00e1s freelancers que te ayudar\u00e1n a actualizar tu web, dise\u00f1ar tu logo, programar tu app mobile, redactar art\u00edculos y mucho m\u00e1s.<\/p><p><br><\/p><p>Describe lo que necesitas<\/p><p>Indica qu\u00e9 tipo de profesional est\u00e1s buscando y cu\u00e1l es tu presupuesto.<\/p><p>\u00a1Es gratis!<\/p><p><br><\/p><p>Recibe propuestas en minutos<\/p><p>Inmediatamente freelancers de todo el mundo leer\u00e1n tu proyecto y se postular\u00e1n para el trabajo.<\/p><p><br><\/p><p>Interact\u00faa y selecciona al mejor freelancer<\/p><p>T\u00fa eliges con qui\u00e9n quieres trabajar y el precio que est\u00e1s dispuesto a pagarle.<\/p><p><br><\/p><p>Revisa los perfiles<\/p><p>Analiza a los candidatos, sus portfolios y calificaciones de trabajos anteriores para conocerlos a fondo.<\/p><p><br><\/p><p>Chatea en tiempo real<\/p><p>Ponte en contacto, y luego decide qui\u00e9n te conviene m\u00e1s.<\/p><p><br><\/p><p>El freelancer realiza el trabajo<\/p><p>De forma remota, acorde al tiempo y presupuesto pactado.<\/p>\n\n\n<h1 style=\"color: rgb(230, 0, 0);\"><strong>Microsoft 365 en la web<\/strong><\/h1>\n<p><span style=\"color: rgb(23, 37, 61); font-family: &quot;Segoe UI Variable Text&quot;, &quot;Segoe UI&quot;, segoeui, &quot;Helvetica Neue&quot;, helvetica, arial, sans-serif; font-variant-ligatures: normal; letter-spacing: -0.48px; background-color: rgb(255, 253, 251);\">Obt\u00e9n acceso gratuito a Word, Excel y PowerPoint mediante Microsoft 365 para la web (antes Office).<\/span><\/p>\n<p><span style=\"color: rgb(23, 37, 61); font-family: &quot;Segoe UI Variable Text&quot;, &quot;Segoe UI&quot;, segoeui, &quot;Helvetica Neue&quot;, helvetica, arial, sans-serif; font-variant-ligatures: normal; letter-spacing: -0.48px; background-color: rgb(255, 252, 249);\">Accede a las versiones web y m\u00f3vil de aplicaciones como Word, Excel, PowerPoint, OneDrive y Outlook.<\/span><\/p>\n\n\n<h2 style=\"color: rgb(230, 0, 0);\"><strong>Busuu IDIOMAS<\/strong><\/h2>\n<h2 id=\"h_01HD1E2MTGGVXJDGXJBA7VGR51\" class=\"wysiwyg-text-align-justify\" style=\"box-sizing: border-box; font-family: -apple-system, BlinkMacSystemFont, &quot;Segoe UI&quot;, Helvetica, Arial, sans-serif; font-size: 22px; text-align: justify; color: rgb(37, 43, 47); font-variant-ligatures: normal;\">cerca de Busuu<\/h2><p class=\"wysiwyg-text-align-justify\" style=\"box-sizing: border-box; text-align: justify; color: rgb(37, 43, 47); font-family: -apple-system, BlinkMacSystemFont, &quot;Segoe UI&quot;, Helvetica, Arial, sans-serif; font-size: 15px; font-variant-ligatures: normal;\">Busuu es una plataforma de autoaprendizaje de idiomas que se centra en sentar unas bases s\u00f3lidas a trav\u00e9s de cursos simplificados y lecciones breves y espec\u00edficas. Te explicamos c\u00f3mo funciona:<\/p><ul style=\"box-sizing: border-box; list-style: outside disc; margin: 20px 0px 20px 20px; padding: 0px 0px 0px 20px; color: rgb(37, 43, 47); font-family: -apple-system, BlinkMacSystemFont, &quot;Segoe UI&quot;, Helvetica, Arial, sans-serif; font-size: 15px; font-variant-ligatures: normal;\"><li class=\"wysiwyg-text-align-justify\" style=\"box-sizing: border-box; text-align: justify;\"><strong style=\"box-sizing: border-box; font-weight: bold;\">Gratis o Premium:<\/strong>&nbsp;reg\u00edstrate y estudia gratis o suscr\u00edbete a Premium para obtener funcionalidades adicionales y cursos especializados.<\/li><li class=\"wysiwyg-text-align-justify\" style=\"box-sizing: border-box; text-align: justify;\"><strong style=\"box-sizing: border-box; font-weight: bold;\">Elige tu idioma:<\/strong>&nbsp;selecciona el idioma que desees empezar a aprender y empieza las lecciones.<\/li><li class=\"wysiwyg-text-align-justify\" style=\"box-sizing: border-box; text-align: justify;\"><strong style=\"box-sizing: border-box; font-weight: bold;\">Abarca las cuatro principales competencias ling\u00fc\u00edsticas:<\/strong>&nbsp;nuestros cursos abordan la comprensi\u00f3n y la expresi\u00f3n oral y escrita desde el nivel principiante hasta el nivel avanzado.<\/li><li class=\"wysiwyg-text-align-justify\" style=\"box-sizing: border-box; text-align: justify;\"><strong style=\"box-sizing: border-box; font-weight: bold;\">Pr\u00e1ctica y correcci\u00f3n:<\/strong>&nbsp;completa los ejercicios con respuestas orales o escritas y obt\u00e9n correcciones de nuestra comunidad de hablantes nativos<\/li><\/ul>\n\n\n<h1><font dir=\"auto\" style=\"vertical-align: inherit;\"><font dir=\"auto\" style=\"vertical-align: inherit; color: rgb(230, 0, 0);\">Crea tu propio sitio web gratis<\/font><\/font><\/h1>\n<p>Crea tu p\u00e1gina web al instante usando el creador web con IA de Webnode. Genera texto, im\u00e1genes y dise\u00f1o web en segundos o usa plantillas. Empieza gratis.<\/p>\n\n\n\n\n","protected":false},"excerpt":{"rendered":"","protected":false},"author":2,"featured_media":0,"parent":0,"menu_order":0,"comment_status":"closed","ping_status":"closed","template":"","meta":{"pagelayer_contact_templates":[],"_pagelayer_content":"","footnotes":""},"class_list":["post-59","page","type-page","status-publish","hentry"],"_links":{"self":[{"href":"https:\/\/www.escritoriovirtual.net.pe\/index.php?rest_route=\/wp\/v2\/pages\/59","targetHints":{"allow":["GET"]}}],"collection":[{"href":"https:\/\/www.escritoriovirtual.net.pe\/index.php?rest_route=\/wp\/v2\/pages"}],"about":[{"href":"https:\/\/www.escritoriovirtual.net.pe\/index.php?rest_route=\/wp\/v2\/types\/page"}],"author":[{"embeddable":true,"href":"https:\/\/www.escritoriovirtual.net.pe\/index.php?rest_route=\/wp\/v2\/users\/2"}],"replies":[{"embeddable":true,"href":"https:\/\/www.escritoriovirtual.net.pe\/index.php?rest_route=%2Fwp%2Fv2%2Fcomments&post=59"}],"version-history":[{"count":28,"href":"https:\/\/www.escritoriovirtual.net.pe\/index.php?rest_route=\/wp\/v2\/pages\/59\/revisions"}],"predecessor-version":[{"id":168,"href":"https:\/\/www.escritoriovirtual.net.pe\/index.php?rest_route=\/wp\/v2\/pages\/59\/revisions\/168"}],"wp:attachment":[{"href":"https:\/\/www.escritoriovirtual.net.pe\/index.php?rest_route=%2Fwp%2Fv2%2Fmedia&parent=59"}],"curies":[{"name":"wp","href":"https:\/\/api.w.org\/{rel}","templated":true}]}}