{"id":69,"date":"2026-04-11T18:58:05","date_gmt":"2026-04-11T13:58:05","guid":{"rendered":"https:\/\/www.escritoriovirtual.net.pe\/?page_id=69"},"modified":"2026-04-13T22:50:04","modified_gmt":"2026-04-13T17:50:04","slug":"como-poner-una-estacion-de-radio","status":"publish","type":"page","link":"https:\/\/www.escritoriovirtual.net.pe\/?page_id=69","title":{"rendered":"Como poner una estaci\u00f3n de radio"},"content":{"rendered":"\n\n\n<h2><p class=\"MsoNormal\"><b>Como poner una estaci\u00f3n de radio<o:p><\/o:p><\/b><\/p><\/h2>\n<h2><p class=\"MsoNormal\"><span style=\"color:#e60000;\">Pista :<\/span><o:p><\/o:p><\/p><\/h2>\n<h2><p class=\"MsoNormal\"><b>Programaci\u00f3n<\/b><o:p><\/o:p><\/p><\/h2>\n<h2><p class=\"MsoNormal\"><strong><span style=\"color:#e60000;\">\u00bfQu\u00e9 aprender\u00e1s en este curso?<\/span><o:p><\/o:p><\/strong><\/p><\/h2>\n\n\u2022\tConfigurar y establecer equipos y software esenciales para la radiodifusi\u00f3n en emisoras de radio online.\n\u2022\tImplementa plataformas de servidores de streaming como Shoutcast, Icecast y Radio.co para transmisiones en vivo confiables.\n\u2022\tDise\u00f1ar y organizar una programaci\u00f3n radiof\u00f3nica atractiva, que incluya listas de reproducci\u00f3n musicales, locuciones y planificaci\u00f3n de contenidos.\n\u2022\tAplicar estrategias de promoci\u00f3n y monetizaci\u00f3n para aumentar la participaci\u00f3n de la audiencia y generar ingresos a partir de la radio en l\u00ednea.\n\n<p class=\"MsoNormal\">Como poner una estaci\u00f3n de radio, aprender\u00e1s paso a paso\ntodo lo necesario para crear y administrar tu propia emisora <span style=\"font-family:&quot;Arial&quot;,sans-serif\">\u200b\u200b<\/span>online desde cero. Conocer\u00e1s los equipos y programas esenciales, como micr\u00f3fonos, mezcladores virtuales y software de transmisi\u00f3n como BUTT, Mixxx o SAM Broadcaster. Descubrir\u00e1s c\u00f3mo configurar un servidor de\nstreaming con plataformas como Shoutcast, Icecast o Radio.co, y c\u00f3mo conectar tu emisi\u00f3n en vivo a tu\np\u00e1gina web o aplicaci\u00f3n m\u00f3vil. Tambi\u00e9n aprender\u00e1s a\norganizar tu programaci\u00f3n, gestionar listas musicales,\nagregar locuciones y mejorar la calidad del sonido. El curso incluye\nestrategias de promoci\u00f3n y monetizaci\u00f3n, para que puedas atraer oyentes y hacer\ncrecer tu audiencia. Al finalizar, estar\u00e1s listo para lanzar una radio profesional\nen l\u00ednea.&nbsp;<o:p><\/o:p><\/p>\n<h2>Clases a trav\u00e9s de Google Classroom<\/h2>\n\n<h2 style=\"color: rgb(230, 0, 0);\">Inversion<\/h2>\n<h2>S\/10,00 Unico pago por yape<\/h2>\n<h2>Informaci\u00f3n a trav\u00e9s del bot\u00f3n de WhatsApp que aparece a continuaci\u00f3n.<\/h2>\n\n\n\n\n\n<h2 style=\"color: rgb(230, 0, 0);\">Al completar este curso en l\u00ednea, al final exitosamente, formaremos una sociedad, ofreci\u00e9ndote tener tu p\u00e1gina web en WordPress, adem\u00e1s de streaming de radio y soporte completo para la transmisi\u00f3n, pagando solo las cuotas mensuales. Pregunta por detalles&#8230;<\/h2>\n\n\n","protected":false},"excerpt":{"rendered":"","protected":false},"author":2,"featured_media":0,"parent":36,"menu_order":0,"comment_status":"closed","ping_status":"closed","template":"","meta":{"pagelayer_contact_templates":[],"_pagelayer_content":"","footnotes":""},"class_list":["post-69","page","type-page","status-publish","hentry"],"_links":{"self":[{"href":"https:\/\/www.escritoriovirtual.net.pe\/index.php?rest_route=\/wp\/v2\/pages\/69","targetHints":{"allow":["GET"]}}],"collection":[{"href":"https:\/\/www.escritoriovirtual.net.pe\/index.php?rest_route=\/wp\/v2\/pages"}],"about":[{"href":"https:\/\/www.escritoriovirtual.net.pe\/index.php?rest_route=\/wp\/v2\/types\/page"}],"author":[{"embeddable":true,"href":"https:\/\/www.escritoriovirtual.net.pe\/index.php?rest_route=\/wp\/v2\/users\/2"}],"replies":[{"embeddable":true,"href":"https:\/\/www.escritoriovirtual.net.pe\/index.php?rest_route=%2Fwp%2Fv2%2Fcomments&post=69"}],"version-history":[{"count":4,"href":"https:\/\/www.escritoriovirtual.net.pe\/index.php?rest_route=\/wp\/v2\/pages\/69\/revisions"}],"predecessor-version":[{"id":105,"href":"https:\/\/www.escritoriovirtual.net.pe\/index.php?rest_route=\/wp\/v2\/pages\/69\/revisions\/105"}],"up":[{"embeddable":true,"href":"https:\/\/www.escritoriovirtual.net.pe\/index.php?rest_route=\/wp\/v2\/pages\/36"}],"wp:attachment":[{"href":"https:\/\/www.escritoriovirtual.net.pe\/index.php?rest_route=%2Fwp%2Fv2%2Fmedia&parent=69"}],"curies":[{"name":"wp","href":"https:\/\/api.w.org\/{rel}","templated":true}]}}