{"id":77,"date":"2026-04-11T20:09:28","date_gmt":"2026-04-11T15:09:28","guid":{"rendered":"https:\/\/www.escritoriovirtual.net.pe\/?page_id=77"},"modified":"2026-04-11T20:17:14","modified_gmt":"2026-04-11T15:17:14","slug":"como-usar-google-classroom-como-alumno-unirse-y-entregar","status":"publish","type":"page","link":"https:\/\/www.escritoriovirtual.net.pe\/?page_id=77","title":{"rendered":"C\u00f3mo usar Google Classroom como Alumno (Unirse y Entregar)"},"content":{"rendered":"\n\n\n<h2><span style=\"color: rgb(238, 240, 255); font-family: &quot;Google Sans&quot;, Arial, sans-serif; font-size: 20px; font-variant-ligatures: normal; font-weight: 600; background-color: rgb(31, 31, 31);\">C\u00f3mo usar Google Classroom como Alumno (Unirse y Entregar)<\/span><\/h2>\n<ol class=\"IaGLZe VimKh\" jsaction=\"\" jscontroller=\"xE4zce\" data-sfc-root=\"c\" jsuid=\"Ax3HA_9j\" data-sfc-cb=\"\" style=\"margin-block: 12px 16px; font-family: &quot;Google Sans&quot;, Arial, sans-serif; line-height: 24px; padding-inline-start: 20px; margin-inline: 0px; color: rgb(230, 232, 240); font-variant-ligatures: normal; background-color: rgb(31, 31, 31);\"><li class=\"dF3vjf\" jsaction=\"\" jscontroller=\"vsuOFb\" data-sfc-root=\"c\" jsuid=\"Ax3HA_9k\" data-sfc-cb=\"\" data-hveid=\"CAEIAhAH\" style=\"margin: 0px 0px 12px; list-style: decimal; padding-inline-start: 0px;\"><span class=\"T286Pc\" data-sfc-cp=\"\" jsaction=\"\" jscontroller=\"fly6D\" data-sfc-root=\"c\" jsuid=\"Ax3HA_9l\" data-sfc-cb=\"\"><span class=\"Yjhzub\" jsaction=\"\" jscontroller=\"zYmgkd\" data-sfc-root=\"c\" jsuid=\"Ax3HA_9m\" data-sfc-cb=\"\" style=\"font-weight: bolder;\">Unirse a una clase:<\/span>&nbsp;Haz clic en&nbsp;<span class=\"Yjhzub\" jsaction=\"\" jscontroller=\"zYmgkd\" data-sfc-root=\"c\" jsuid=\"Ax3HA_9n\" data-sfc-cb=\"\" style=\"font-weight: bolder;\">+<\/span>&nbsp;y luego en&nbsp;<span class=\"Yjhzub\" jsaction=\"\" jscontroller=\"zYmgkd\" data-sfc-root=\"c\" jsuid=\"Ax3HA_9o\" data-sfc-cb=\"\" style=\"font-weight: bolder;\">\u00abApuntarse a una clase\u00bb<\/span>. Introduce el c\u00f3digo facilitado por tu profesor, o acepta la invitaci\u00f3n recibida por correo electr\u00f3nico.<\/span><\/li><li class=\"dF3vjf\" jsaction=\"\" jscontroller=\"vsuOFb\" data-sfc-root=\"c\" jsuid=\"Ax3HA_9p\" data-sfc-cb=\"\" data-hveid=\"CAEIAhAI\" style=\"margin: 0px 0px 12px; list-style: decimal; padding-inline-start: 0px;\"><span class=\"T286Pc\" data-sfc-cp=\"\" jsaction=\"\" jscontroller=\"fly6D\" data-sfc-root=\"c\" jsuid=\"Ax3HA_9q\" data-sfc-cb=\"\"><span class=\"Yjhzub\" jsaction=\"\" jscontroller=\"zYmgkd\" data-sfc-root=\"c\" jsuid=\"Ax3HA_9r\" data-sfc-cb=\"\" style=\"font-weight: bolder;\">Ver tareas y material:<\/span>&nbsp;Entra en la clase y ve a la pesta\u00f1a&nbsp;<span class=\"Yjhzub\" jsaction=\"\" jscontroller=\"zYmgkd\" data-sfc-root=\"c\" jsuid=\"Ax3HA_9s\" data-sfc-cb=\"\" style=\"font-weight: bolder;\">\u00abTrabajo de clase\u00bb<\/span>&nbsp;para ver las actividades.<\/span><\/li><li class=\"dF3vjf\" jsaction=\"\" jscontroller=\"vsuOFb\" data-sfc-root=\"c\" jsuid=\"Ax3HA_9t\" data-sfc-cb=\"\" data-hveid=\"CAEIAhAJ\" style=\"margin: 0px 0px 12px; list-style: decimal; padding-inline-start: 0px;\"><span class=\"T286Pc\" data-sfc-cp=\"\" jsaction=\"\" jscontroller=\"fly6D\" data-sfc-root=\"c\" jsuid=\"Ax3HA_9u\" data-sfc-cb=\"\"><span class=\"Yjhzub\" jsaction=\"\" jscontroller=\"zYmgkd\" data-sfc-root=\"c\" jsuid=\"Ax3HA_9v\" data-sfc-cb=\"\" style=\"font-weight: bolder;\">Entregar tareas:<\/span><\/span><ul class=\"KsbFXc U6u95\" jsaction=\"\" jscontroller=\"mPWODf\" data-sfc-root=\"c\" jsuid=\"Ax3HA_9w\" data-sfc-cb=\"\" style=\"margin-block: 12px 16px; line-height: 24px; letter-spacing: 0px; padding-inline-start: 16px; margin-inline: 0px;\"><li class=\"dF3vjf\" jsaction=\"\" jscontroller=\"vsuOFb\" data-sfc-root=\"c\" jsuid=\"Ax3HA_9x\" data-sfc-cb=\"\" data-hveid=\"CAEIAhAK\" style=\"margin: 0px 0px 12px; list-style: disc; padding-inline-start: 4px;\"><span class=\"T286Pc\" data-sfc-cp=\"\" jsaction=\"\" jscontroller=\"fly6D\" data-sfc-root=\"c\" jsuid=\"Ax3HA_9y\" data-sfc-cb=\"\">Entra en la tarea.<\/span><\/li><li class=\"dF3vjf\" jsaction=\"\" jscontroller=\"vsuOFb\" data-sfc-root=\"c\" jsuid=\"Ax3HA_9z\" data-sfc-cb=\"\" data-hveid=\"CAEIAhAL\" style=\"margin: 0px 0px 12px; list-style: disc; padding-inline-start: 4px;\"><span class=\"T286Pc\" data-sfc-cp=\"\" jsaction=\"\" jscontroller=\"fly6D\" data-sfc-root=\"c\" jsuid=\"Ax3HA_a0\" data-sfc-cb=\"\">En \u00abTu trabajo\u00bb, haz clic en&nbsp;<span class=\"Yjhzub\" jsaction=\"\" jscontroller=\"zYmgkd\" data-sfc-root=\"c\" jsuid=\"Ax3HA_a1\" data-sfc-cb=\"\" style=\"font-weight: bolder;\">\u00abA\u00f1adir o crear\u00bb<\/span>&nbsp;para subir archivos desde tu ordenador o Google Drive.<\/span><\/li><li class=\"dF3vjf\" jsaction=\"\" jscontroller=\"vsuOFb\" data-sfc-root=\"c\" jsuid=\"Ax3HA_a2\" data-sfc-cb=\"\" data-hveid=\"CAEIAhAM\" style=\"margin: 0px 0px 12px; list-style: disc; padding-inline-start: 4px;\"><span class=\"T286Pc\" data-sfc-cp=\"\" jsaction=\"\" jscontroller=\"fly6D\" data-sfc-root=\"c\" jsuid=\"Ax3HA_a3\" data-sfc-cb=\"\">Haz clic en&nbsp;<span class=\"Yjhzub\" jsaction=\"\" jscontroller=\"zYmgkd\" data-sfc-root=\"c\" jsuid=\"Ax3HA_a4\" data-sfc-cb=\"\" style=\"font-weight: bolder;\">\u00abEntregar\u00bb<\/span>.<\/span><\/li><\/ul><\/li><li class=\"dF3vjf\" jsaction=\"\" jscontroller=\"vsuOFb\" data-sfc-root=\"c\" jsuid=\"Ax3HA_a5\" data-sfc-cb=\"\" data-hveid=\"CAEIAhAN\" style=\"margin: 0px 0px 12px; list-style: decimal; padding-inline-start: 0px;\"><span class=\"T286Pc\" data-sfc-cp=\"\" jsaction=\"\" jscontroller=\"fly6D\" data-sfc-root=\"c\" jsuid=\"Ax3HA_a6\" data-sfc-cb=\"\"><span class=\"Yjhzub\" jsaction=\"\" jscontroller=\"zYmgkd\" data-sfc-root=\"c\" jsuid=\"Ax3HA_a7\" data-sfc-cb=\"\" style=\"font-weight: bolder;\">Comunicaci\u00f3n:<\/span>&nbsp;Usa el&nbsp;<span class=\"Yjhzub\" jsaction=\"\" jscontroller=\"zYmgkd\" data-sfc-root=\"c\" jsuid=\"Ax3HA_a8\" data-sfc-cb=\"\" style=\"font-weight: bolder;\">\u00abTabl\u00f3n\u00bb<\/span>&nbsp;para ver anuncios o realizar comentarios p\u00fablicos, y la secci\u00f3n de comentarios privados en cada tarea para dudas espec\u00edficas<\/span><\/li><\/ol>\n\n<h2><span style=\"color: rgb(238, 240, 255); font-family: &quot;Google Sans&quot;, Arial, sans-serif; font-size: 20px; font-variant-ligatures: normal; font-weight: 600; background-color: rgb(31, 31, 31);\">&#x1f4f1; Uso en Dispositivos M\u00f3viles<\/span><\/h2>\n<ul class=\"KsbFXc U6u95\" jsaction=\"\" jscontroller=\"mPWODf\" data-sfc-root=\"c\" jsuid=\"Ax3HA_ay\" data-sfc-cb=\"\" style=\"margin-block: 12px 16px; font-family: &quot;Google Sans&quot;, Arial, sans-serif; line-height: 24px; padding-inline-start: 16px; margin-inline: 0px; color: rgb(230, 232, 240); font-variant-ligatures: normal; background-color: rgb(31, 31, 31);\"><li class=\"dF3vjf\" jsaction=\"\" jscontroller=\"vsuOFb\" data-sfc-root=\"c\" jsuid=\"Ax3HA_az\" data-sfc-cb=\"\" data-hveid=\"CAEIAhAX\" style=\"margin: 0px 0px 12px; list-style: disc; padding-inline-start: 4px;\"><span class=\"T286Pc\" data-sfc-cp=\"\" jsaction=\"\" jscontroller=\"fly6D\" data-sfc-root=\"c\" jsuid=\"Ax3HA_b0\" data-sfc-cb=\"\">escarga la aplicaci\u00f3n \u00abGoogle Classroom\u00bb desde la Play Store (Android) o App Store (iOS).<\/span><\/li><li class=\"dF3vjf\" jsaction=\"\" jscontroller=\"vsuOFb\" data-sfc-root=\"c\" jsuid=\"Ax3HA_b1\" data-sfc-cb=\"\" data-hveid=\"CAEIAhAY\" style=\"margin: 0px 0px 12px; list-style: disc; padding-inline-start: 4px;\"><span class=\"T286Pc\" data-sfc-cp=\"\" jsaction=\"\" jscontroller=\"fly6D\" data-sfc-root=\"c\" jsuid=\"Ax3HA_b2\" data-sfc-cb=\"\">La funcionalidad es similar, permitiendo recibir notificaciones en tiempo real, subir fotos de tareas hechas en papel y ver el calendario de entregas.<\/span><span jsuid=\"Ax3HA_b3\" class=\"uJ19be notranslate\" jsaction=\"rcuQ6b:&amp;Ax3HA_b3|npT2md\" jscontroller=\"udAs2b\" data-sfc-root=\"c\" data-wiz-uids=\"Ax3HA_b4,Ax3HA_b5\" data-sfc-cb=\"\"><span class=\"vKEkVd\" data-animation-atomic=\"\" data-wiz-attrbind=\"class=Ax3HA_b3\/TKHnVd\" style=\"position: relative; white-space: nowrap; --btn-bg-color: #2c303d; --btn-bg-color-hover: #3a3f50; --attr-text-color: #c3c6d6; --attr-link-color: #e6e8f0;\"><span aria-hidden=\"true\">&nbsp;<\/span><button jsuid=\"Ax3HA_b5\" tabindex=\"0\" data-amic=\"true\" data-icl-uuid=\"5bc15187-1faa-4e65-b094-983c2af8661d\" aria-label=\"Google Help (m\u00e1s de 4) - Ver v\u00ednculos relacionados\" class=\"rBl3me IWyTpf pjvauc\" jsaction=\"click:&amp;Ax3HA_b3|S9kKve;mouseenter:&amp;Ax3HA_b3|sbHm2b;mouseleave:&amp;Ax3HA_b3|Tx5Rb\" data-wiz-attrbind=\"disabled=Ax3HA_b3\/C5gNJc;aria-label=Ax3HA_b3\/bOjMyf;class=Ax3HA_b3\/UpSNec\" data-ved=\"2ahUKEwi9uraEiuaTAxVYEbkGHVrTHAEQye0OegYIAQgCEBk\" data-hveid=\"CAEIAhAZ\" style=\"background-color: rgb(44, 48, 61); border-width: medium; border-style: none; border-color: currentcolor; border-image: initial; border-radius: 20px; height: 20px; margin-inline-end: 6px; width: 20px; align-items: center; block-size: 20px; box-sizing: border-box; inline-size: auto; overflow: hidden; padding-block: 3px; padding-inline: 3px 6px; position: relative; max-inline-size: 250px; vertical-align: text-top; outline: 0px;\"><div class=\"Fwa2Od\" data-animation-skip=\"\" jsaction=\"\" jscontroller=\"Pwlgo\" data-sfc-root=\"c\" jsuid=\"Ax3HA_b6\" data-sfc-cb=\"\" data-ved=\"2ahUKEwi9uraEiuaTAxVYEbkGHVrTHAEQ3s0SegYIAQgCEBo\" style=\"align-items: center; display: flex; gap: 4px; height: 14px; overflow: hidden; width: 95.625px;\"><img decoding=\"async\" jsuid=\"Ax3HA_b7\" id=\"img-AmTaab2xONii5OUP2qbzCA_69\" data-src=\"https:\/\/encrypted-tbn3.gstatic.com\/faviconV2?url=https:\/\/support.google.com&amp;client=AIM&amp;size=128&amp;type=FAVICON&amp;fallback_opts=TYPE,SIZE,URL\" class=\"lXbsme\" src=\"https:\/\/encrypted-tbn3.gstatic.com\/faviconV2?url=https:\/\/support.google.com&amp;client=AIM&amp;size=128&amp;type=FAVICON&amp;fallback_opts=TYPE,SIZE,URL\" alt=\"Google Help\" jsaction=\"rcuQ6b:&amp;Ax3HA_b7|npT2md\" jscontroller=\"POB4Jc\" data-sfc-root=\"c\" data-sfc-pl=\"|[&quot;https:\/\/encrypted-tbn3.gstatic.com\/faviconV2?url\\u003dhttps:\/\/support.google.com\\u0026client\\u003dAIM\\u0026size\\u003d128\\u0026type\\u003dFAVICON\\u0026fallback_opts\\u003dTYPE,SIZE,URL&quot;]\" data-sfc-cb=\"\" style=\"background: rgb(255, 255, 255); border-radius: 20px; height: 12px; width: 12px; flex-shrink: 0;\"><span class=\"wJwe6c\" style=\"color: rgb(195, 198, 214); font-size: 11px; line-height: 1.45; display: flex; overflow: hidden; min-width: 0px; align-items: center;\"><span class=\"iFMVXd\" style=\"overflow: hidden; text-overflow: ellipsis; min-width: 0px; line-height: 1;\">Google Help<\/span><span class=\"IjM6od\" style=\"flex-shrink: 0; line-height: 1;\">&nbsp;+4<\/span><\/span><\/div><\/button><\/span><\/span><\/li><\/ul><div class=\"Fsg96\" data-sfc-cp=\"\" jsaction=\"rcuQ6b:&amp;Ax3HA_b8|npT2md\" jscontroller=\"KHhJQ\" data-sfc-root=\"c\" jsuid=\"Ax3HA_b8\" data-sfc-cb=\"\" style=\"color: rgb(230, 232, 240); font-family: &quot;Google Sans&quot;, Arial, sans-serif; font-variant-ligatures: normal; background-color: rgb(31, 31, 31);\"><\/div><div class=\"otQkpb\" aria-level=\"3\" role=\"heading\" data-animation-nesting=\"\" data-sfc-cp=\"\" jsaction=\"\" jscontroller=\"a7qCn\" data-sfc-root=\"c\" jsuid=\"Ax3HA_b9\" data-sfc-cb=\"\" style=\"margin-block: 24px 12px; font-family: &quot;Google Sans&quot;, Arial, sans-serif; font-size: 20px; font-weight: 600; line-height: 28px; color: rgb(238, 240, 255); margin-inline: 0px; font-variant-ligatures: normal; background-color: rgb(31, 31, 31);\">&#x1f4a1; Funciones Clave<span jsuid=\"Ax3HA_ba\" class=\"txxDge notranslate\" jsaction=\"rcuQ6b:&amp;Ax3HA_ba|npT2md\" jscontroller=\"udAs2b\" data-sfc-root=\"c\" data-wiz-uids=\"Ax3HA_bb,Ax3HA_bc\" data-sfc-cb=\"\" style=\"visibility: hidden;\"><span class=\"vKEkVd\" data-animation-atomic=\"\" data-wiz-attrbind=\"class=Ax3HA_ba\/TKHnVd\" style=\"position: relative; white-space: nowrap; --btn-bg-color: #2c303d; --btn-bg-color-hover: #3a3f50; --attr-text-color: #c3c6d6; --attr-link-color: #e6e8f0;\"><span aria-hidden=\"true\"><\/span><button jsuid=\"Ax3HA_bc\" tabindex=\"0\" data-amic=\"true\" data-icl-uuid=\"514bc902-6d29-4599-b854-dd615b9234b8\" aria-label=\"Ver v\u00ednculos relacionados\" class=\"rBl3me\" jsaction=\"click:&amp;Ax3HA_ba|S9kKve;mouseenter:&amp;Ax3HA_ba|sbHm2b;mouseleave:&amp;Ax3HA_ba|Tx5Rb\" data-wiz-attrbind=\"disabled=Ax3HA_ba\/C5gNJc;aria-label=Ax3HA_ba\/bOjMyf;class=Ax3HA_ba\/UpSNec\" data-ved=\"2ahUKEwi9uraEiuaTAxVYEbkGHVrTHAEQye0OegYIAQgCEBs\" data-hveid=\"CAEIAhAb\" style=\"background-color: rgb(44, 48, 61); border-width: medium; border-style: none; border-color: currentcolor; border-image: initial; border-radius: 10px; height: 20px; margin-inline-end: 6px; width: 20px; position: relative; outline: 0px;\"><span class=\"wiMplc ofC0Ud\" style=\"color: rgb(230, 232, 240); display: inline-block; transform: rotate(135deg);\"><svg style=\"margin-top: 3px;\" fill=\"currentColor\" width=\"12px\" height=\"12px\" focusable=\"false\" xmlns=\"http:\/\/www.w3.org\/2000\/svg\" viewBox=\"0 0 24 24\"><path d=\"M3.9 12c0-1.71 1.39-3.1 3.1-3.1h4V7H7c-2.76 0-5 2.24-5 5s2.24 5 5 5h4v-1.9H7c-1.71 0-3.1-1.39-3.1-3.1zM8 13h8v-2H8v2zm9-6h-4v1.9h4c1.71 0 3.1 1.39 3.1 3.1s-1.39 3.1-3.1 3.1h-4V17h4c2.76 0 5-2.24 5-5s-2.24-5-5-5z\"><\/path><\/svg><\/span><\/button><\/span><\/span><\/div><ul class=\"KsbFXc U6u95\" jsaction=\"\" jscontroller=\"mPWODf\" data-sfc-root=\"c\" jsuid=\"Ax3HA_bd\" data-sfc-cb=\"\" style=\"margin-block: 12px 16px; font-family: &quot;Google Sans&quot;, Arial, sans-serif; line-height: 24px; padding-inline-start: 16px; margin-inline: 0px; color: rgb(230, 232, 240); font-variant-ligatures: normal; background-color: rgb(31, 31, 31);\"><li class=\"dF3vjf\" jsaction=\"\" jscontroller=\"vsuOFb\" data-sfc-root=\"c\" jsuid=\"Ax3HA_be\" data-sfc-cb=\"\" data-hveid=\"CAEIAhAc\" style=\"margin: 0px 0px 12px; list-style: disc; padding-inline-start: 4px;\"><span class=\"T286Pc\" data-sfc-cp=\"\" jsaction=\"\" jscontroller=\"fly6D\" data-sfc-root=\"c\" jsuid=\"Ax3HA_bf\" data-sfc-cb=\"\"><span class=\"Yjhzub\" jsaction=\"\" jscontroller=\"zYmgkd\" data-sfc-root=\"c\" jsuid=\"Ax3HA_bg\" data-sfc-cb=\"\" style=\"font-weight: bolder;\">Tabl\u00f3n:<\/span>&nbsp;Anuncios y novedades.<\/span><\/li><li class=\"dF3vjf\" jsaction=\"\" jscontroller=\"vsuOFb\" data-sfc-root=\"c\" jsuid=\"Ax3HA_bh\" data-sfc-cb=\"\" data-hveid=\"CAEIAhAd\" style=\"margin: 0px 0px 12px; list-style: disc; padding-inline-start: 4px;\"><span class=\"T286Pc\" data-sfc-cp=\"\" jsaction=\"\" jscontroller=\"fly6D\" data-sfc-root=\"c\" jsuid=\"Ax3HA_bi\" data-sfc-cb=\"\"><span class=\"Yjhzub\" jsaction=\"\" jscontroller=\"zYmgkd\" data-sfc-root=\"c\" jsuid=\"Ax3HA_bj\" data-sfc-cb=\"\" style=\"font-weight: bolder;\">Trabajo de clase:<\/span>&nbsp;Materiales y tareas.<\/span><\/li><li class=\"dF3vjf\" jsaction=\"\" jscontroller=\"vsuOFb\" data-sfc-root=\"c\" jsuid=\"Ax3HA_bk\" data-sfc-cb=\"\" data-hveid=\"CAEIAhAe\" style=\"margin: 0px 0px 12px; list-style: disc; padding-inline-start: 4px;\"><span class=\"T286Pc\" data-sfc-cp=\"\" jsaction=\"\" jscontroller=\"fly6D\" data-sfc-root=\"c\" jsuid=\"Ax3HA_bl\" data-sfc-cb=\"\"><span class=\"Yjhzub\" jsaction=\"\" jscontroller=\"zYmgkd\" data-sfc-root=\"c\" jsuid=\"Ax3HA_bm\" data-sfc-cb=\"\" style=\"font-weight: bolder;\">Personas:<\/span>&nbsp;Profesores y compa\u00f1eros.<\/span><\/li><li class=\"dF3vjf\" jsaction=\"\" jscontroller=\"vsuOFb\" data-sfc-root=\"c\" jsuid=\"Ax3HA_bn\" data-sfc-cb=\"\" data-hveid=\"CAEIAhAf\" style=\"margin: 0px 0px 12px; list-style: disc; padding-inline-start: 4px;\"><span class=\"T286Pc\" data-sfc-cp=\"\" jsaction=\"\" jscontroller=\"fly6D\" data-sfc-root=\"c\" jsuid=\"Ax3HA_bo\" data-sfc-cb=\"\"><span class=\"Yjhzub\" jsaction=\"\" jscontroller=\"zYmgkd\" data-sfc-root=\"c\" jsuid=\"Ax3HA_bp\" data-sfc-cb=\"\" style=\"font-weight: bolder;\">Calificaciones:<\/span>&nbsp;Pesta\u00f1a para seguimiento de notas.<\/span><\/li><\/ul>\n\n\n","protected":false},"excerpt":{"rendered":"","protected":false},"author":2,"featured_media":0,"parent":36,"menu_order":0,"comment_status":"closed","ping_status":"closed","template":"","meta":{"pagelayer_contact_templates":[],"_pagelayer_content":"","footnotes":""},"class_list":["post-77","page","type-page","status-publish","hentry"],"_links":{"self":[{"href":"https:\/\/www.escritoriovirtual.net.pe\/index.php?rest_route=\/wp\/v2\/pages\/77","targetHints":{"allow":["GET"]}}],"collection":[{"href":"https:\/\/www.escritoriovirtual.net.pe\/index.php?rest_route=\/wp\/v2\/pages"}],"about":[{"href":"https:\/\/www.escritoriovirtual.net.pe\/index.php?rest_route=\/wp\/v2\/types\/page"}],"author":[{"embeddable":true,"href":"https:\/\/www.escritoriovirtual.net.pe\/index.php?rest_route=\/wp\/v2\/users\/2"}],"replies":[{"embeddable":true,"href":"https:\/\/www.escritoriovirtual.net.pe\/index.php?rest_route=%2Fwp%2Fv2%2Fcomments&post=77"}],"version-history":[{"count":3,"href":"https:\/\/www.escritoriovirtual.net.pe\/index.php?rest_route=\/wp\/v2\/pages\/77\/revisions"}],"predecessor-version":[{"id":82,"href":"https:\/\/www.escritoriovirtual.net.pe\/index.php?rest_route=\/wp\/v2\/pages\/77\/revisions\/82"}],"up":[{"embeddable":true,"href":"https:\/\/www.escritoriovirtual.net.pe\/index.php?rest_route=\/wp\/v2\/pages\/36"}],"wp:attachment":[{"href":"https:\/\/www.escritoriovirtual.net.pe\/index.php?rest_route=%2Fwp%2Fv2%2Fmedia&parent=77"}],"curies":[{"name":"wp","href":"https:\/\/api.w.org\/{rel}","templated":true}]}}