{"id":86,"date":"2026-04-11T20:32:41","date_gmt":"2026-04-11T15:32:41","guid":{"rendered":"https:\/\/www.escritoriovirtual.net.pe\/?page_id=86"},"modified":"2026-04-13T22:51:38","modified_gmt":"2026-04-13T17:51:38","slug":"curso-sobre-informativos-en-television","status":"publish","type":"page","link":"https:\/\/www.escritoriovirtual.net.pe\/?page_id=86","title":{"rendered":"Curso sobre informativos en televisi\u00f3n"},"content":{"rendered":"\n\n\n<h2><p class=\"MsoNormal\"><b>Curso sobre informativos en televisi\u00f3n<o:p><\/o:p><\/b><\/p><\/h2>\n\n<p class=\"MsoNormal\"><b>En este curso sobre informativos en televisi\u00f3n estudiar\u00e1s\nel periodismo televisivo aplicado, principalmente, lo que se conoce como&nbsp;<i>noticia\ntelevisiva<\/i>&nbsp;e<i>&nbsp;informativo televisivo<\/i>.<o:p><\/o:p><\/b><\/p><p>\n\n<\/p><p class=\"MsoNormal\"><b>Gracias a \u00e9l, aprender\u00e1s las destrezas te\u00f3ricas y\nt\u00e9cnicas necesarias para la construcci\u00f3n de&nbsp;discursos audiovisuales\ninformativos. Sumado al conocimiento del&nbsp;panorama informativo nacional e\ninternacional, realizar\u00e1s diversas pr\u00e1cticas de dise\u00f1o estructural,\npreproducci\u00f3n, grabaci\u00f3n, presentaci\u00f3n, locuci\u00f3n y edici\u00f3n de piezas y relatos\ninformativos breves. Todo esto te ayudar\u00e1 tambi\u00e9n a familiarizarte con las\ndin\u00e1micas b\u00e1sicas de la producci\u00f3n y la realizaci\u00f3n de un&nbsp;programa\ninformativo en plat\u00f3.<o:p><\/o:p><\/b><\/p>\n<h2><p class=\"MsoNormal\"><b>\u00bfA qui\u00e9n va dirigido este curso sobre informativos en\ntelevisi\u00f3n?<o:p><\/o:p><\/b><\/p><\/h2>\n<p class=\"MsoNormal\"><b>El curso ha sido creado para todas aquellas personas que\nest\u00e1n interesadas en adquirir conocimientos b\u00e1sicos propios del campo de\nla&nbsp;televisi\u00f3n informativa, por eso no es necesario tener altos\nconocimientos en la materia para llevarlo a cabo. De este modo, ser\u00e1\nespecialmente \u00fatil para los estudiantes de&nbsp;periodismo y comunicaci\u00f3n, as\u00ed\ncomo de&nbsp;comunicaci\u00f3n audiovisual.<o:p><\/o:p><\/b><\/p><p>\n\n<\/p><p class=\"MsoNormal\"><b>Aun as\u00ed, se recomienda tener ciertas&nbsp;nociones\nelementales sobre la comunicaci\u00f3n audiovisual y period\u00edstica&nbsp;para llegar a\ncomprender todos los conceptos que se exponen. Por ejemplo, sobre redacci\u00f3n\nperiod\u00edstica, distinci\u00f3n de grandes g\u00e9neros period\u00edsticos y gram\u00e1tica de la\nimagen. Adem\u00e1s, necesitar\u00e1s un ordenador u otro dispositivo con conexi\u00f3n\nestable a Internet para poder acceder a todos los contenidos.<o:p><\/o:p><\/b><\/p>\n<h2><p class=\"MsoNormal\"><b>\u00bfQu\u00e9 aprender\u00e1s en el curso sobre informativos en\ntelevisi\u00f3n?<o:p><\/o:p><\/b><\/p><\/h2>\n<p class=\"MsoNormal\"><b>El curso es impartido por las profesoras\nuniversitarias&nbsp;Nieves Lim\u00f3n Serrano&nbsp;y&nbsp;Gloria Rosique Cedillo,\ndel Departamento de Periodismo y Comunicaci\u00f3n Audiovisual. Tiene una duraci\u00f3n\ntotal de&nbsp;150 horas. El programa consta de&nbsp;10 temas&nbsp;y cada uno de\nellos incluye introducciones explicativas y presentaciones de apoyo. A lo que\nse suman sus correspondientes aportes bibliogr\u00e1ficos, videogr\u00e1ficos y\nwebgr\u00e1ficos de consulta obligatoria y complementaria.<o:p><\/o:p><\/b><\/p>\n<h2><p class=\"MsoNormal\"><b>Los&nbsp;temas&nbsp;a tratar en el cursos son los\nsiguientes:<o:p><\/o:p><\/b><\/p><\/h2>\n\n\u2022\tPanorama de actualidad en la informaci\u00f3n televisiva\n\u2022\tLa realidad televisada\n\u2022\tG\u00e9neros period\u00edsticos y formatos en televisi\u00f3n\n\u2022\tProducci\u00f3n de programas informativos\n\u2022\tEl equipo de trabajo: los profesionales de la producci\u00f3n informativa\n\u2022\tEl presentador. Locuci\u00f3n y presentaci\u00f3n televisiva\n\u2022\tCorresponsales y enviados especiales\n\u2022\tDifusi\u00f3n de la informaci\u00f3n\n\u2022\tHistoria de la televisi\u00f3n informativa en Espa\u00f1a\n\n\n\n\n\n<h2>Este curso fue elaborado por un tercero; la tarifa cobrada es \u00fanicamente para brindar apoyo y asistencia.Uno s\u00f3 pago.<\/h2>\n<h2>S\/50.00 por yape<\/h2>\n<h2 style=\"font-family: &quot;Roboto Condensed&quot;, sans-serif; color: rgb(230, 0, 0);\">Informaci\u00f3n a trav\u00e9s del bot\u00f3n de WhatsApp que aparece a continuaci\u00f3n.<\/h2>\n\n\n<h2><strong style=\"color: rgb(230, 0, 0);\">Al completar este curso en l\u00ednea, al final exitosamente, formaremos una sociedad, ofreci\u00e9ndote tener tu p\u00e1gina web en WordPress, adem\u00e1s de streaming de tvweb y soporte completo para la transmisi\u00f3n, pagando solo las cuotas mensuales. Pregunta por detalles&#8230;<\/strong><\/h2>\n\n\n","protected":false},"excerpt":{"rendered":"","protected":false},"author":2,"featured_media":0,"parent":36,"menu_order":0,"comment_status":"closed","ping_status":"closed","template":"","meta":{"pagelayer_contact_templates":[],"_pagelayer_content":"","footnotes":""},"class_list":["post-86","page","type-page","status-publish","hentry"],"_links":{"self":[{"href":"https:\/\/www.escritoriovirtual.net.pe\/index.php?rest_route=\/wp\/v2\/pages\/86","targetHints":{"allow":["GET"]}}],"collection":[{"href":"https:\/\/www.escritoriovirtual.net.pe\/index.php?rest_route=\/wp\/v2\/pages"}],"about":[{"href":"https:\/\/www.escritoriovirtual.net.pe\/index.php?rest_route=\/wp\/v2\/types\/page"}],"author":[{"embeddable":true,"href":"https:\/\/www.escritoriovirtual.net.pe\/index.php?rest_route=\/wp\/v2\/users\/2"}],"replies":[{"embeddable":true,"href":"https:\/\/www.escritoriovirtual.net.pe\/index.php?rest_route=%2Fwp%2Fv2%2Fcomments&post=86"}],"version-history":[{"count":5,"href":"https:\/\/www.escritoriovirtual.net.pe\/index.php?rest_route=\/wp\/v2\/pages\/86\/revisions"}],"predecessor-version":[{"id":106,"href":"https:\/\/www.escritoriovirtual.net.pe\/index.php?rest_route=\/wp\/v2\/pages\/86\/revisions\/106"}],"up":[{"embeddable":true,"href":"https:\/\/www.escritoriovirtual.net.pe\/index.php?rest_route=\/wp\/v2\/pages\/36"}],"wp:attachment":[{"href":"https:\/\/www.escritoriovirtual.net.pe\/index.php?rest_route=%2Fwp%2Fv2%2Fmedia&parent=86"}],"curies":[{"name":"wp","href":"https:\/\/api.w.org\/{rel}","templated":true}]}}